{"id":2901,"date":"2015-11-18T08:34:00","date_gmt":"2015-11-18T08:34:00","guid":{"rendered":"http:\/\/demo.thimpress.com\/eduma\/?page_id=2901"},"modified":"2023-03-29T05:45:05","modified_gmt":"2023-03-29T05:45:05","slug":"about-us","status":"publish","type":"page","link":"https:\/\/aprendiendum.com\/es\/about-us\/","title":{"rendered":"About Us"},"content":{"rendered":"\t\t<div data-elementor-type=\"wp-post\" data-elementor-id=\"2901\" class=\"elementor elementor-2901\" data-elementor-post-type=\"page\">\n\t\t\t\t\t\t<section class=\"elementor-section elementor-top-section elementor-element elementor-element-7d27883 elementor-section-boxed elementor-section-height-default elementor-section-height-default\" data-id=\"7d27883\" data-element_type=\"section\">\n\t\t\t\t\t\t<div class=\"elementor-container elementor-column-gap-default\">\n\t\t\t\t\t<div class=\"elementor-column elementor-col-100 elementor-top-column elementor-element elementor-element-d513acf\" data-id=\"d513acf\" data-element_type=\"column\">\n\t\t\t<div class=\"elementor-widget-wrap elementor-element-populated\">\n\t\t\t\t\t\t<div class=\"elementor-element elementor-element-3197733 thim-ekits-heading-text-center elementor-widget thim-ekits-heading elementor-widget-thim-heading\" data-id=\"3197733\" data-element_type=\"widget\" data-widget_type=\"thim-heading.default\">\n\t\t\t\t<div class=\"elementor-widget-container\">\n\t\t\t\t\t<div class=\"sc_heading text-center\"><h2 class=\"title\">Aprende con pasi\u00f3n para vivir con prop\u00f3sito.<\/h2><div class=\"sub-heading\"><p>Conoce al equipo detr\u00e1s de la plataforma educativa de Aprendiendum y su misi\u00f3n para mejorar el acceso a la educaci\u00f3n en l\u00ednea<\/p>\n<\/div><\/div>\t\t\t\t<\/div>\n\t\t\t\t<\/div>\n\t\t\t\t\t<\/div>\n\t\t<\/div>\n\t\t\t\t\t<\/div>\n\t\t<\/section>\n\t\t\t\t<section class=\"elementor-section elementor-top-section elementor-element elementor-element-872013e elementor-section-stretched about-counter elementor-section-boxed elementor-section-height-default elementor-section-height-default\" data-id=\"872013e\" data-element_type=\"section\" data-settings=\"{&quot;stretch_section&quot;:&quot;section-stretched&quot;}\">\n\t\t\t\t\t\t<div class=\"elementor-container elementor-column-gap-default\">\n\t\t\t\t\t<div class=\"elementor-column elementor-col-25 elementor-top-column elementor-element elementor-element-2b6ec5b\" data-id=\"2b6ec5b\" data-element_type=\"column\">\n\t\t\t<div class=\"elementor-widget-wrap elementor-element-populated\">\n\t\t\t\t\t\t<div class=\"elementor-element elementor-element-720afbb elementor-widget thim-counters-box\" data-id=\"720afbb\" data-element_type=\"widget\" data-widget_type=\"thim-counters-box.default\">\n\t\t\t\t<div class=\"elementor-widget-container\">\n\t\t\t\t\t<div class=\"counter-box home-page counter-icon-\"><div class=\"icon-counter-box\"><i aria-hidden=\"true\" class=\"tk tk-geography\"><\/i><\/div><div class=\"content-box-percentage\"><div class=\"wrap-percentage\">\n\t\t\t\t\t<div class=\"display-percentage\" data-percentage=\"94532\">94532<\/div><\/div><div class=\"counter-content-container\"><div class=\"counter-box-content\">Vistas en redes sociales<\/div><\/div><\/div><\/div>\t\t\t\t<\/div>\n\t\t\t\t<\/div>\n\t\t\t\t\t<\/div>\n\t\t<\/div>\n\t\t\t\t<div class=\"elementor-column elementor-col-25 elementor-top-column elementor-element elementor-element-aae9ebe\" data-id=\"aae9ebe\" data-element_type=\"column\">\n\t\t\t<div class=\"elementor-widget-wrap elementor-element-populated\">\n\t\t\t\t\t\t<div class=\"elementor-element elementor-element-365d43d elementor-widget thim-counters-box\" data-id=\"365d43d\" data-element_type=\"widget\" data-widget_type=\"thim-counters-box.default\">\n\t\t\t\t<div class=\"elementor-widget-container\">\n\t\t\t\t\t<div class=\"counter-box home-page counter-icon-\"><div class=\"icon-counter-box\"><i aria-hidden=\"true\" class=\"tk tk-chalkboard1\"><\/i><\/div><div class=\"content-box-percentage\"><div class=\"wrap-percentage\">\n\t\t\t\t\t<div class=\"display-percentage\" data-percentage=\"219\">219<\/div><\/div><div class=\"counter-content-container\"><div class=\"counter-box-content\">Webinars<\/div><\/div><\/div><\/div>\t\t\t\t<\/div>\n\t\t\t\t<\/div>\n\t\t\t\t\t<\/div>\n\t\t<\/div>\n\t\t\t\t<div class=\"elementor-column elementor-col-25 elementor-top-column elementor-element elementor-element-6f1c93e\" data-id=\"6f1c93e\" data-element_type=\"column\">\n\t\t\t<div class=\"elementor-widget-wrap elementor-element-populated\">\n\t\t\t\t\t\t<div class=\"elementor-element elementor-element-2e9c04e elementor-widget thim-counters-box\" data-id=\"2e9c04e\" data-element_type=\"widget\" data-widget_type=\"thim-counters-box.default\">\n\t\t\t\t<div class=\"elementor-widget-container\">\n\t\t\t\t\t<div class=\"counter-box home-page counter-icon-\"><div class=\"icon-counter-box\"><i aria-hidden=\"true\" class=\"tk tk-studying\"><\/i><\/div><div class=\"content-box-percentage\"><div class=\"wrap-percentage\">\n\t\t\t\t\t<div class=\"display-percentage\" data-percentage=\"2567\">2567<\/div><\/div><div class=\"counter-content-container\"><div class=\"counter-box-content\">Estudiantes<\/div><\/div><\/div><\/div>\t\t\t\t<\/div>\n\t\t\t\t<\/div>\n\t\t\t\t\t<\/div>\n\t\t<\/div>\n\t\t\t\t<div class=\"elementor-column elementor-col-25 elementor-top-column elementor-element elementor-element-7e310a7\" data-id=\"7e310a7\" data-element_type=\"column\">\n\t\t\t<div class=\"elementor-widget-wrap elementor-element-populated\">\n\t\t\t\t\t\t<div class=\"elementor-element elementor-element-4a21343 elementor-widget thim-counters-box\" data-id=\"4a21343\" data-element_type=\"widget\" data-widget_type=\"thim-counters-box.default\">\n\t\t\t\t<div class=\"elementor-widget-container\">\n\t\t\t\t\t<div class=\"counter-box home-page counter-icon-\"><div class=\"icon-counter-box\"><i aria-hidden=\"true\" class=\"tk tk-mortarboard\"><\/i><\/div><div class=\"content-box-percentage\"><div class=\"wrap-percentage\">\n\t\t\t\t\t<div class=\"display-percentage\" data-percentage=\"12\">12<\/div><\/div><div class=\"counter-content-container\"><div class=\"counter-box-content\">Capacitadores<\/div><\/div><\/div><\/div>\t\t\t\t<\/div>\n\t\t\t\t<\/div>\n\t\t\t\t\t<\/div>\n\t\t<\/div>\n\t\t\t\t\t<\/div>\n\t\t<\/section>\n\t\t\t\t<section class=\"elementor-section elementor-top-section elementor-element elementor-element-dbdef59 elementor-section-stretched elementor-section-boxed elementor-section-height-default elementor-section-height-default\" data-id=\"dbdef59\" data-element_type=\"section\" data-settings=\"{&quot;stretch_section&quot;:&quot;section-stretched&quot;,&quot;background_background&quot;:&quot;classic&quot;}\">\n\t\t\t\t\t\t<div class=\"elementor-container elementor-column-gap-default\">\n\t\t\t\t\t<div class=\"elementor-column elementor-col-100 elementor-top-column elementor-element elementor-element-7a78582\" data-id=\"7a78582\" data-element_type=\"column\">\n\t\t\t<div class=\"elementor-widget-wrap elementor-element-populated\">\n\t\t\t\t\t\t<div class=\"elementor-element elementor-element-de2c6d7 thim-ekits-heading-text-center elementor-widget thim-ekits-heading elementor-widget-thim-heading\" data-id=\"de2c6d7\" data-element_type=\"widget\" data-widget_type=\"thim-heading.default\">\n\t\t\t\t<div class=\"elementor-widget-container\">\n\t\t\t\t\t<div class=\"sc_heading text-center\"><h2 class=\"title\">Nuestra identidad<\/h2><div class=\"sub-heading\"><p>\u00bfQuienes somos?<\/p>\n<\/div><\/div>\t\t\t\t<\/div>\n\t\t\t\t<\/div>\n\t\t\t\t\t<\/div>\n\t\t<\/div>\n\t\t\t\t\t<\/div>\n\t\t<\/section>\n\t\t\t\t<section class=\"elementor-section elementor-top-section elementor-element elementor-element-2774d67 elementor-section-stretched elementor-section-boxed elementor-section-height-default elementor-section-height-default\" data-id=\"2774d67\" data-element_type=\"section\" data-settings=\"{&quot;stretch_section&quot;:&quot;section-stretched&quot;,&quot;background_background&quot;:&quot;classic&quot;}\">\n\t\t\t\t\t\t<div class=\"elementor-container elementor-column-gap-default\">\n\t\t\t\t\t<div class=\"elementor-column elementor-col-50 elementor-top-column elementor-element elementor-element-550e34f\" data-id=\"550e34f\" data-element_type=\"column\">\n\t\t\t<div class=\"elementor-widget-wrap elementor-element-populated\">\n\t\t\t\t\t\t<div class=\"elementor-element elementor-element-fb15edd iconbox-text-left elementor-widget elementor-widget-thim-icon-box\" data-id=\"fb15edd\" data-element_type=\"widget\" data-widget_type=\"thim-icon-box.default\">\n\t\t\t\t<div class=\"elementor-widget-container\">\n\t\t\t\t\t<div class=\"thim-widget-icon-box\"><div class=\"wrapper-box-icon has_custom_image text-left \"><div class=\"smicon-box iconbox-top\"><div class=\"boxes-icon\"><a class=\"icon-box-link\" href=\"#\" target=\"_blank\" rel=\"nofollow\"><span class=\"inner-icon\"><span class=\"icon icon-images\"><img fetchpriority=\"high\" decoding=\"async\" src=\"https:\/\/aprendiendum.com\/es\/wp-content\/uploads\/2022\/04\/courses-7.jpg\" alt=\"courses-7\" title=\"courses-7\"  width=\"970\" height=\"560\"><\/span><\/span><\/a><\/div><div class=\"content-inner\"><div class=\"sc-heading\"><h3 class=\"heading__primary\"><a class=\"icon-box-link\" href=\"#\" target=\"_blank\" rel=\"nofollow\">Misi\u00f3n<\/a><\/h3><\/div><div class=\"desc-icon-box\"><div class=\"desc-content\">Estamos comprometidos\ncon la formaci\u00f3n integral de personas\ncontribuyendo al desarrollo intelectual\ndel individuo y de la sociedad formando\nlos l\u00edderes y ejecutivos del futuro.<\/div><a class=\"smicon-read sc-btn\" href=\"#\" target=\"_blank\" rel=\"nofollow\">  <i class=\"fa fa-chevron-right\"><\/i><\/a><\/div><\/div><\/div><\/div><\/div>\t\t\t\t<\/div>\n\t\t\t\t<\/div>\n\t\t\t\t\t<\/div>\n\t\t<\/div>\n\t\t\t\t<div class=\"elementor-column elementor-col-50 elementor-top-column elementor-element elementor-element-8246a6f\" data-id=\"8246a6f\" data-element_type=\"column\">\n\t\t\t<div class=\"elementor-widget-wrap elementor-element-populated\">\n\t\t\t\t\t\t<div class=\"elementor-element elementor-element-790c993 iconbox-text-left elementor-widget elementor-widget-thim-icon-box\" data-id=\"790c993\" data-element_type=\"widget\" data-widget_type=\"thim-icon-box.default\">\n\t\t\t\t<div class=\"elementor-widget-container\">\n\t\t\t\t\t<div class=\"thim-widget-icon-box\"><div class=\"wrapper-box-icon has_custom_image text-left \"><div class=\"smicon-box iconbox-top\"><div class=\"boxes-icon\"><a class=\"icon-box-link\" href=\"#\" target=\"_blank\" rel=\"nofollow\"><span class=\"inner-icon\"><span class=\"icon icon-images\"><img decoding=\"async\" src=\"https:\/\/aprendiendum.com\/es\/wp-content\/uploads\/2022\/04\/courses-4.jpg\" alt=\"courses-4\" title=\"courses-4\"  width=\"970\" height=\"560\"><\/span><\/span><\/a><\/div><div class=\"content-inner\"><div class=\"sc-heading\"><h3 class=\"heading__primary\"><a class=\"icon-box-link\" href=\"#\" target=\"_blank\" rel=\"nofollow\">Visi\u00f3n<\/a><\/h3><\/div><div class=\"desc-icon-box\"><div class=\"desc-content\">Ser la instituci\u00f3n de capacitaci\u00f3n\nempresarial de mayor reconocimiento\nen el estado de Quer\u00e9taro, debido a\nla calidad de nuestra ense\u00f1anza, el\nperfil integral de nuestros alumnos y el\ncompromiso con la comunidad.<\/div><a class=\"smicon-read sc-btn\" href=\"#\" target=\"_blank\" rel=\"nofollow\">  <i class=\"fa fa-chevron-right\"><\/i><\/a><\/div><\/div><\/div><\/div><\/div>\t\t\t\t<\/div>\n\t\t\t\t<\/div>\n\t\t\t\t\t<\/div>\n\t\t<\/div>\n\t\t\t\t\t<\/div>\n\t\t<\/section>\n\t\t\t\t<section class=\"elementor-section elementor-top-section elementor-element elementor-element-02ebb41 elementor-section-boxed elementor-section-height-default elementor-section-height-default\" data-id=\"02ebb41\" data-element_type=\"section\">\n\t\t\t\t\t\t<div class=\"elementor-container elementor-column-gap-default\">\n\t\t\t\t\t<div class=\"elementor-column elementor-col-100 elementor-top-column elementor-element elementor-element-2365040\" data-id=\"2365040\" data-element_type=\"column\">\n\t\t\t<div class=\"elementor-widget-wrap elementor-element-populated\">\n\t\t\t\t\t\t<div class=\"elementor-element elementor-element-3b189ec iconbox-text-left elementor-widget elementor-widget-thim-icon-box\" data-id=\"3b189ec\" data-element_type=\"widget\" data-widget_type=\"thim-icon-box.default\">\n\t\t\t\t<div class=\"elementor-widget-container\">\n\t\t\t\t\t<div class=\"thim-widget-icon-box\"><div class=\"wrapper-box-icon text-left \"><div class=\"smicon-box iconbox-left\"><div class=\"boxes-icon\"><span class=\"inner-icon\"><span class=\"icon\"><i aria-hidden=\"true\" class=\"tk tk-quoc\"><\/i><\/span><\/span><\/div><div class=\"content-inner\"><div class=\"sc-heading\"><h3 class=\"heading__primary\">La capacitaci\u00f3n es la llave maestra que abre la puerta hacia el \u00e9xito personal y profesional.<\/h3><\/div><div class=\"desc-icon-box\"><div class=\"desc-content\"> <\/div><\/div><\/div><\/div><\/div><\/div>\t\t\t\t<\/div>\n\t\t\t\t<\/div>\n\t\t\t\t\t<\/div>\n\t\t<\/div>\n\t\t\t\t\t<\/div>\n\t\t<\/section>\n\t\t\t\t<\/div>\n\t\t","protected":false},"excerpt":{"rendered":"<p>Aprende con pasi\u00f3n para vivir con prop\u00f3sito. Conoce al equipo detr\u00e1s de la plataforma educativa de Aprendiendum y su misi\u00f3n para mejorar el acceso a la educaci\u00f3n en l\u00ednea 94532Vistas en redes sociales 219Webinars 2567Estudiantes 12Capacitadores Nuestra identidad \u00bfQuienes somos? &hellip; <\/p>\n","protected":false},"author":1,"featured_media":0,"parent":0,"menu_order":0,"comment_status":"closed","ping_status":"closed","template":"","meta":{"_acf_changed":false,"_bbp_topic_count":0,"_bbp_reply_count":0,"_bbp_total_topic_count":0,"_bbp_total_reply_count":0,"_bbp_voice_count":0,"_bbp_anonymous_reply_count":0,"_bbp_topic_count_hidden":0,"_bbp_reply_count_hidden":0,"_bbp_forum_subforum_count":0,"pmpro_default_level":"","footnotes":""},"class_list":["post-2901","page","type-page","status-publish","hentry","pmpro-has-access"],"acf":[],"_links":{"self":[{"href":"https:\/\/aprendiendum.com\/es\/wp-json\/wp\/v2\/pages\/2901","targetHints":{"allow":["GET"]}}],"collection":[{"href":"https:\/\/aprendiendum.com\/es\/wp-json\/wp\/v2\/pages"}],"about":[{"href":"https:\/\/aprendiendum.com\/es\/wp-json\/wp\/v2\/types\/page"}],"author":[{"embeddable":true,"href":"https:\/\/aprendiendum.com\/es\/wp-json\/wp\/v2\/users\/1"}],"replies":[{"embeddable":true,"href":"https:\/\/aprendiendum.com\/es\/wp-json\/wp\/v2\/comments?post=2901"}],"version-history":[{"count":0,"href":"https:\/\/aprendiendum.com\/es\/wp-json\/wp\/v2\/pages\/2901\/revisions"}],"wp:attachment":[{"href":"https:\/\/aprendiendum.com\/es\/wp-json\/wp\/v2\/media?parent=2901"}],"curies":[{"name":"wp","href":"https:\/\/api.w.org\/{rel}","templated":true}]}}